{"id":1638,"date":"2024-05-16T12:53:51","date_gmt":"2024-05-16T10:53:51","guid":{"rendered":"https:\/\/test.repoplast.ch\/privacy-de\/"},"modified":"2024-05-24T17:30:02","modified_gmt":"2024-05-24T15:30:02","slug":"privacy-de","status":"publish","type":"page","link":"https:\/\/www.repoplast.ch\/de\/privacy-de\/","title":{"rendered":"Privacy DE"},"content":{"rendered":"\t\t<div data-elementor-type=\"wp-page\" data-elementor-id=\"1638\" class=\"elementor elementor-1638 elementor-1274\" data-elementor-post-type=\"page\">\n\t\t\t\t<div class=\"elementor-element elementor-element-fb4f8a4 e-flex e-con-boxed e-con e-parent\" data-id=\"fb4f8a4\" data-element_type=\"container\" data-e-type=\"container\">\n\t\t\t\t\t<div class=\"e-con-inner\">\n\t\t\t\t<div class=\"elementor-element elementor-element-0ffec14 elementor-widget elementor-widget-heading\" data-id=\"0ffec14\" data-element_type=\"widget\" data-e-type=\"widget\" data-widget_type=\"heading.default\">\n\t\t\t\t<div class=\"elementor-widget-container\">\n\t\t\t\t\t<h2 class=\"elementor-heading-title elementor-size-default\">Richtlinien zum Datenschutz<\/h2>\t\t\t\t<\/div>\n\t\t\t\t<\/div>\n\t\t\t\t<div class=\"elementor-element elementor-element-4b6e8a9 elementor-widget elementor-widget-text-editor\" data-id=\"4b6e8a9\" data-element_type=\"widget\" data-e-type=\"widget\" data-widget_type=\"text-editor.default\">\n\t\t\t\t<div class=\"elementor-widget-container\">\n\t\t\t\t\t\t\t\t\t<p>Information \u00fcber die Verarbeitung personenbezogener Daten Art.13-14 EU-VO 2016\/679<\/p>\n\t\t\t\t\t\t\t\t<\/div>\n\t\t\t\t<\/div>\n\t\t\t\t<div class=\"elementor-element elementor-element-70bd9b0 elementor-widget elementor-widget-text-editor\" data-id=\"70bd9b0\" data-element_type=\"widget\" data-e-type=\"widget\" data-widget_type=\"text-editor.default\">\n\t\t\t\t<div class=\"elementor-widget-container\">\n\t\t\t\t\t\t\t\t\t<p>Repo SA, als Verantwortliche f\u00fcr die Verarbeitung Ihrer personenbezogenen Daten gem\u00e4ss und im Sinne der EU-Verordnung 2016\/679 (nachfolgend &#8222;DSGVO&#8220;), weist Sie darauf hin, dass die genannte Gesetzgebung den Schutz der Nutzer bei der Verarbeitung personenbezogener Daten vorsieht und dass diese Verarbeitung auf den Grunds\u00e4tzen der Korrektheit, Rechtm\u00e4ssigkeit, Transparenz und des Schutzes Ihrer Privatsph\u00e4re und Ihrer Rechte beruht. <\/p>\n\t\t\t\t\t\t\t\t<\/div>\n\t\t\t\t<\/div>\n\t\t\t\t<div class=\"elementor-element elementor-element-84890d9 elementor-widget elementor-widget-text-editor\" data-id=\"84890d9\" data-element_type=\"widget\" data-e-type=\"widget\" data-widget_type=\"text-editor.default\">\n\t\t\t\t<div class=\"elementor-widget-container\">\n\t\t\t\t\t\t\t\t\t<p>Personenbezogene Daten, die verarbeitet werden k\u00f6nnen.<\/p>\n\t\t\t\t\t\t\t\t<\/div>\n\t\t\t\t<\/div>\n\t\t\t\t<div class=\"elementor-element elementor-element-9340e66 elementor-widget elementor-widget-text-editor\" data-id=\"9340e66\" data-element_type=\"widget\" data-e-type=\"widget\" data-widget_type=\"text-editor.default\">\n\t\t\t\t<div class=\"elementor-widget-container\">\n\t\t\t\t\t\t\t\t\t<p>Als personenbezogene Daten gelten alle Informationen, die sich auf eine identifizierte oder identifizierbare nat\u00fcrliche Person (betroffene Person) beziehen; als identifizierbar wird eine Person angesehen, die direkt oder indirekt identifiziert werden kann, insbesondere durch Zuordnung zu einer Kennung wie einem Namen, zu einer Kennnummer, zu Standortdaten, zu einer Online-Kennung oder zu einem oder mehreren besonderen Merkmalen, die Ausdruck ihrer physischen, physiologischen, genetischen, psychischen, wirtschaftlichen, kulturellen oder sozialen Identit\u00e4t sind; (C26, C27, C30).<\/p>\n\t\t\t\t\t\t\t\t<\/div>\n\t\t\t\t<\/div>\n\t\t\t\t<div class=\"elementor-element elementor-element-7956452 elementor-widget elementor-widget-text-editor\" data-id=\"7956452\" data-element_type=\"widget\" data-e-type=\"widget\" data-widget_type=\"text-editor.default\">\n\t\t\t\t<div class=\"elementor-widget-container\">\n\t\t\t\t\t\t\t\t\t<p>Cookies.<\/p>\n\t\t\t\t\t\t\t\t<\/div>\n\t\t\t\t<\/div>\n\t\t\t\t<div class=\"elementor-element elementor-element-893a921 elementor-widget elementor-widget-text-editor\" data-id=\"893a921\" data-element_type=\"widget\" data-e-type=\"widget\" data-widget_type=\"text-editor.default\">\n\t\t\t\t<div class=\"elementor-widget-container\">\n\t\t\t\t\t\t\t\t\t<p>Weitere Informationen \u00fcber die von dieser Website verwendeten Cookies finden Sie in der Cookie-Richtlinie unter folgendem Link <a href=\"https:\/\/test.repoplast.ch\/cookies-it\/\" rel=\"noopener\">Cookies Policy<\/a>.<\/p>\n\t\t\t\t\t\t\t\t<\/div>\n\t\t\t\t<\/div>\n\t\t\t\t<div class=\"elementor-element elementor-element-0dfe2ed elementor-widget elementor-widget-text-editor\" data-id=\"0dfe2ed\" data-element_type=\"widget\" data-e-type=\"widget\" data-widget_type=\"text-editor.default\">\n\t\t\t\t<div class=\"elementor-widget-container\">\n\t\t\t\t\t\t\t\t\t<p>Verantwortlicher f\u00fcr die Datenverarbeitung.<\/p>\n\t\t\t\t\t\t\t\t<\/div>\n\t\t\t\t<\/div>\n\t\t\t\t<div class=\"elementor-element elementor-element-a5c9178 elementor-widget elementor-widget-text-editor\" data-id=\"a5c9178\" data-element_type=\"widget\" data-e-type=\"widget\" data-widget_type=\"text-editor.default\">\n\t\t\t\t<div class=\"elementor-widget-container\">\n\t\t\t\t\t\t\t\t\t<p>Gem\u00e4ss Artikel 4 und 24 der EU-Verordnung 2016\/679 ist der f\u00fcr die Verarbeitung Verantwortliche die Repo SA mit Sitz in Via Lisora 6, CH-6998 Molinazzo, Schweiz, Tel: +41 91 608 19 51\/52, Fax: +41 91 608 10 77, <a href=\"mailto:info@repoplast.ch\">info@repoplast.ch<\/a>, in der Person ihres gesetzlichen Vertreters (pro tempore), Herrn Matteo Minetti. <\/p>\n\t\t\t\t\t\t\t\t<\/div>\n\t\t\t\t<\/div>\n\t\t\t\t<div class=\"elementor-element elementor-element-bc1187f elementor-widget elementor-widget-text-editor\" data-id=\"bc1187f\" data-element_type=\"widget\" data-e-type=\"widget\" data-widget_type=\"text-editor.default\">\n\t\t\t\t<div class=\"elementor-widget-container\">\n\t\t\t\t\t\t\t\t\t<p>Zweck und Rechtsgrundlage der Verarbeitung.<\/p>\n\t\t\t\t\t\t\t\t<\/div>\n\t\t\t\t<\/div>\n\t\t\t\t<div class=\"elementor-element elementor-element-8d549a4 elementor-widget elementor-widget-text-editor\" data-id=\"8d549a4\" data-element_type=\"widget\" data-e-type=\"widget\" data-widget_type=\"text-editor.default\">\n\t\t\t\t<div class=\"elementor-widget-container\">\n\t\t\t\t\t\t\t\t\t<p>Ihre Daten werden insbesondere f\u00fcr folgende f\u00fcr die Verfolgung des berechtigten Interesses des Inhabers notwendig Zwecke verwendet:<\/p>\n<ul>\n<li>technischer und funktioneller Zugriff auf die Website. Es werden keine Daten nach dem Schliessen des Browsers gespeichert;<\/li>\n<li>eventuelle Kontaktanfrage, Zusendung der von Ihnen gew\u00fcnschten Informationen. Das berechtigte Interesse (Art. 6 Abs. 1 Buchstabe f) gilt als Rechtsgrundlage der Verarbeitung;<\/li>\n<li>vorbehaltlich Ihres Einverst\u00e4ndnisses und bis zu Ihrem Widerspruch, f\u00fcr Direktmarketing-Aktivit\u00e4ten des Inhabers, Newsletter, Marktforschung und Direktverkauf &#8211; mit automatisierten Mitteln wie E-Mail, Telefax, MMS (Multimedia Messaging Service) oder SMS (Short Message Service) oder andere Arten von Nachrichten, sowie durch Telefonanrufe und per Post &#8211; Informationsmaterial, Umfragen, Promotions-, Handels- und Werbematerial sowie Material in Bezug auf Veranstaltungen und Initiativen, vom Inhaber zu erhalten &#8211; Einverst\u00e4ndnis (Art. 6 Absatz 1 Buchstabe a) als Rechtsgrundlage der Verarbeitung.<\/li>\n<\/ul>\n\t\t\t\t\t\t\t\t<\/div>\n\t\t\t\t<\/div>\n\t\t\t\t<div class=\"elementor-element elementor-element-66d5d0a elementor-widget elementor-widget-text-editor\" data-id=\"66d5d0a\" data-element_type=\"widget\" data-e-type=\"widget\" data-widget_type=\"text-editor.default\">\n\t\t\t\t<div class=\"elementor-widget-container\">\n\t\t\t\t\t\t\t\t\t<p>Modalit\u00e4ten der Verarbeitung.<\/p>\n\t\t\t\t\t\t\t\t<\/div>\n\t\t\t\t<\/div>\n\t\t\t\t<div class=\"elementor-element elementor-element-b718444 elementor-widget elementor-widget-text-editor\" data-id=\"b718444\" data-element_type=\"widget\" data-e-type=\"widget\" data-widget_type=\"text-editor.default\">\n\t\t\t\t<div class=\"elementor-widget-container\">\n\t\t\t\t\t\t\t\t\t<p>Ihre personenbezogenen Daten k\u00f6nnen auf folgende Weise verarbeitet werden:<\/p>\n<ul>\n<li>mit Hilfe elektronischer Datenverarbeitung unter Verwendung von Softwaresystemen, die von Dritten verwaltet werden;<\/li>\n<li>mit Hilfe elektronischer Datenverarbeitung unter Verwendung von direkt verwalteten oder programmierten Softwaresystemen;<\/li>\n<li>zur vor\u00fcbergehenden Verarbeitung in anonymer Form.<\/li>\n<\/ul>\n<p>Ihre Daten werden nur von Personen verarbeitet, die vom Inhaber der Datenverarbeitung ausdr\u00fccklich dazu erm\u00e4chtigt wurden.<\/p>\n\t\t\t\t\t\t\t\t<\/div>\n\t\t\t\t<\/div>\n\t\t\t\t<div class=\"elementor-element elementor-element-33aeb8f elementor-widget elementor-widget-text-editor\" data-id=\"33aeb8f\" data-element_type=\"widget\" data-e-type=\"widget\" data-widget_type=\"text-editor.default\">\n\t\t\t\t<div class=\"elementor-widget-container\">\n\t\t\t\t\t\t\t\t\t<p>Empf\u00e4nger oder Kategorien von Empf\u00e4ngern der Daten.<\/p>\n\t\t\t\t\t\t\t\t<\/div>\n\t\t\t\t<\/div>\n\t\t\t\t<div class=\"elementor-element elementor-element-0b6bab3 elementor-widget elementor-widget-text-editor\" data-id=\"0b6bab3\" data-element_type=\"widget\" data-e-type=\"widget\" data-widget_type=\"text-editor.default\">\n\t\t\t\t<div class=\"elementor-widget-container\">\n\t\t\t\t\t\t\t\t\t<p>Ihre Daten k\u00f6nnen an Empf\u00e4nger weitergegeben werden, die die Daten als Datenverarbeiter (Art. 28 der Verordnung (EU) 2016\/679) und\/oder als nat\u00fcrliche Personen, die unter der Aufsicht des f\u00fcr die Verarbeitung Verantwortlichen und des Datenverarbeiters (Art. 29 der Verordnung (EU) 2016\/679) handeln, f\u00fcr die oben unter &#8222;Zwecke und Rechtsgrundlage der Verarbeitung&#8220; aufgef\u00fchrten Zwecke verarbeiten.<\/p>\n\t\t\t\t\t\t\t\t<\/div>\n\t\t\t\t<\/div>\n\t\t\t\t<div class=\"elementor-element elementor-element-981a5ad elementor-widget elementor-widget-text-editor\" data-id=\"981a5ad\" data-element_type=\"widget\" data-e-type=\"widget\" data-widget_type=\"text-editor.default\">\n\t\t\t\t<div class=\"elementor-widget-container\">\n\t\t\t\t\t\t\t\t\t<p>Daten\u00fcbermittlung.<\/p>\n\t\t\t\t\t\t\t\t<\/div>\n\t\t\t\t<\/div>\n\t\t\t\t<div class=\"elementor-element elementor-element-32b18a7 elementor-widget elementor-widget-text-editor\" data-id=\"32b18a7\" data-element_type=\"widget\" data-e-type=\"widget\" data-widget_type=\"text-editor.default\">\n\t\t\t\t<div class=\"elementor-widget-container\">\n\t\t\t\t\t\t\t\t\t<p>Weitergabe: Ihre personenbezogenen Daten werden in keiner Weise weitergegeben.<\/p>\n<p>Ihre personenbezogenen Daten k\u00f6nnen, beschr\u00e4nkt auf die oben genannten Zwecke, auch in die folgenden Staaten \u00fcbermittelt werden:<\/p>\n<ul>\n<li>EU-L\u00e4nder<\/li>\n<\/ul>\n<p>Aufbewahrungsfrist: Die Aufbewahrungsfrist Ihrer personenbezogenen Daten wird unter Beachtung der Grunds\u00e4tze der Rechtm\u00e4ssigkeit, Zweckbindung und Datenminimierung gem\u00e4\u00df Art. 5 DSGVO f\u00fcr einen Zeitraum festgelegt, der die Erreichung der Zwecke, f\u00fcr die sie erhoben und verarbeitet werden, nicht \u00fcbersteigt, sowie unter Einhaltung der gesetzlich vorgeschriebenen Fristen. <\/p>\n<p>Sie haben das Recht, von dem f\u00fcr die Verarbeitung Verantwortlichen die L\u00f6schung (Recht auf Vergessenwerden), die Einschr\u00e4nkung, Aktualisierung, Berichtigung, \u00dcbertragbarkeit und den Widerspruch gegen die Verarbeitung Ihrer personenbezogenen Daten zu verlangen, sowie generell alle in den Artikeln 15, 16, 17, 18, 19, 20, 21 und 22 der DSGVO vorgesehenen Rechte auszu\u00fcben.<\/p>\n\t\t\t\t\t\t\t\t<\/div>\n\t\t\t\t<\/div>\n\t\t\t\t<div class=\"elementor-element elementor-element-e05a835 elementor-widget elementor-widget-spacer\" data-id=\"e05a835\" data-element_type=\"widget\" data-e-type=\"widget\" data-widget_type=\"spacer.default\">\n\t\t\t\t<div class=\"elementor-widget-container\">\n\t\t\t\t\t\t\t<div class=\"elementor-spacer\">\n\t\t\t<div class=\"elementor-spacer-inner\"><\/div>\n\t\t<\/div>\n\t\t\t\t\t\t<\/div>\n\t\t\t\t<\/div>\n\t\t\t\t\t<\/div>\n\t\t\t\t<\/div>\n\t\t\t\t<\/div>\n\t\t","protected":false},"excerpt":{"rendered":"<p>Richtlinien zum Datenschutz Information \u00fcber die Verarbeitung personenbezogener Daten Art.13-14 EU-VO 2016\/679 Repo SA, als Verantwortliche f\u00fcr die Verarbeitung Ihrer personenbezogenen Daten gem\u00e4ss und im Sinne der EU-Verordnung 2016\/679 (nachfolgend &#8222;DSGVO&#8220;), weist Sie darauf hin, dass die genannte Gesetzgebung den Schutz der Nutzer bei der Verarbeitung personenbezogener Daten vorsieht und dass diese Verarbeitung auf den [&hellip;]<\/p>\n","protected":false},"author":1,"featured_media":0,"parent":0,"menu_order":0,"comment_status":"closed","ping_status":"closed","template":"elementor_header_footer","meta":{"footnotes":""},"class_list":["post-1638","page","type-page","status-publish","hentry"],"_links":{"self":[{"href":"https:\/\/www.repoplast.ch\/de\/wp-json\/wp\/v2\/pages\/1638","targetHints":{"allow":["GET"]}}],"collection":[{"href":"https:\/\/www.repoplast.ch\/de\/wp-json\/wp\/v2\/pages"}],"about":[{"href":"https:\/\/www.repoplast.ch\/de\/wp-json\/wp\/v2\/types\/page"}],"author":[{"embeddable":true,"href":"https:\/\/www.repoplast.ch\/de\/wp-json\/wp\/v2\/users\/1"}],"replies":[{"embeddable":true,"href":"https:\/\/www.repoplast.ch\/de\/wp-json\/wp\/v2\/comments?post=1638"}],"version-history":[{"count":5,"href":"https:\/\/www.repoplast.ch\/de\/wp-json\/wp\/v2\/pages\/1638\/revisions"}],"predecessor-version":[{"id":1673,"href":"https:\/\/www.repoplast.ch\/de\/wp-json\/wp\/v2\/pages\/1638\/revisions\/1673"}],"wp:attachment":[{"href":"https:\/\/www.repoplast.ch\/de\/wp-json\/wp\/v2\/media?parent=1638"}],"curies":[{"name":"wp","href":"https:\/\/api.w.org\/{rel}","templated":true}]}}