{"id":1633,"date":"2024-05-16T13:54:22","date_gmt":"2024-05-16T11:54:22","guid":{"rendered":"https:\/\/test.repoplast.ch\/cookies-de\/"},"modified":"2024-05-24T17:17:20","modified_gmt":"2024-05-24T15:17:20","slug":"cookies-de","status":"publish","type":"page","link":"https:\/\/www.repoplast.ch\/de\/cookies-de\/","title":{"rendered":"Cookies DE"},"content":{"rendered":"\t\t<div data-elementor-type=\"wp-page\" data-elementor-id=\"1633\" class=\"elementor elementor-1633 elementor-1310\" data-elementor-post-type=\"page\">\n\t\t\t\t<div class=\"elementor-element elementor-element-fb4f8a4 e-flex e-con-boxed e-con e-parent\" data-id=\"fb4f8a4\" data-element_type=\"container\" data-e-type=\"container\">\n\t\t\t\t\t<div class=\"e-con-inner\">\n\t\t\t\t<div class=\"elementor-element elementor-element-0ffec14 elementor-widget elementor-widget-heading\" data-id=\"0ffec14\" data-element_type=\"widget\" data-e-type=\"widget\" data-widget_type=\"heading.default\">\n\t\t\t\t<div class=\"elementor-widget-container\">\n\t\t\t\t\t<h2 class=\"elementor-heading-title elementor-size-default\">Cookie Richtlinien<\/h2>\t\t\t\t<\/div>\n\t\t\t\t<\/div>\n\t\t\t\t<div class=\"elementor-element elementor-element-70bd9b0 elementor-widget elementor-widget-text-editor\" data-id=\"70bd9b0\" data-element_type=\"widget\" data-e-type=\"widget\" data-widget_type=\"text-editor.default\">\n\t\t\t\t<div class=\"elementor-widget-container\">\n\t\t\t\t\t\t\t\t\t<p>Diese Website verwendet Cookies, um f\u00fcr den Betrieb der Website unbedingt erforderliche Aktivit\u00e4ten gew\u00e4hrleisten zu k\u00f6nnen, sowie Cookies, die das Surferlebnis des Benutzers optimieren, und Profilierungs-Cookies, einschliesslich Cookies von Dritten.<\/p>\n<p>Ein Cookie ist eine kleine Datenmenge, die von einem Webserver an Ihren Browser gesendet und anschliessend auf der Festplatte Ihres Computers gespeichert wird. Das Cookie wird dann von der Website, die es gesendet hat, bei jeder weiteren Verbindung erneut gelesen und erkannt. <\/p>\n<p>Ihr Browser ist die Software, die es Ihnen erm\u00f6glicht, im Internet zu surfen, indem sie Informationen auf Ihrem Computers anzeigt und auf seine Festplatte \u00fcbertr\u00e4gt. Wenn Sie Ihren Browser so eingestellt haben, dass er Cookies akzeptiert, kann jede Website ihre Cookies an Ihren Browser senden. Um Ihre Privatsph\u00e4re zu sch\u00fctzen, kann er aber nur die Cookies erkennen, die von der Website selbst gesendet werden, und nicht die, die von anderen Websites an Ihren Browser gesendet werden. <\/p>\n\t\t\t\t\t\t\t\t<\/div>\n\t\t\t\t<\/div>\n\t\t\t\t<div class=\"elementor-element elementor-element-84890d9 elementor-widget elementor-widget-text-editor\" data-id=\"84890d9\" data-element_type=\"widget\" data-e-type=\"widget\" data-widget_type=\"text-editor.default\">\n\t\t\t\t<div class=\"elementor-widget-container\">\n\t\t\t\t\t\t\t\t\t<p>Verwaltung der Cookie-Einstellungen.<\/p>\n\t\t\t\t\t\t\t\t<\/div>\n\t\t\t\t<\/div>\n\t\t\t\t<div class=\"elementor-element elementor-element-9340e66 elementor-widget elementor-widget-text-editor\" data-id=\"9340e66\" data-element_type=\"widget\" data-e-type=\"widget\" data-widget_type=\"text-editor.default\">\n\t\t\t\t<div class=\"elementor-widget-container\">\n\t\t\t\t\t\t\t\t\t<p>Sie k\u00f6nnen Ihre Cookie-Einstellungen \u00fcber Ihren Browser verwalten. Wenn Sie nicht wissen, welchen Typ und welche Version eines Browsers Sie verwenden, klicken Sie oben im Browserfenster auf &#8222;Hilfe&#8220;. Dort finden Sie alle notwendigen Informationen. <\/p>\n<p>Sie k\u00f6nnen hier auch direkt den von Ihnen verwendeten Browser anklichen, um die Seite zur Verwaltung von Cookies aufzurufen.<\/p>\n<p><a href=\"https:\/\/windows.microsoft.com\/en-us\/windows-vista\/block-or-allow-cookies\" target=\"_blank\" rel=\"noopener\">Microsoft Internet Explorer \/ Edge<\/a><\/p>\n<p><a href=\"https:\/\/support.google.com\/accounts\/answer\/61416\" target=\"_blank\" rel=\"noopener\">Google Chrome<\/a><\/p>\n<p><a href=\"https:\/\/support.mozilla.org\/kb\/Enabling+and+disabling+cookies\" target=\"_blank\" rel=\"noopener\">Mozilla Firefox<\/a><\/p>\n<p><a href=\"https:\/\/support.apple.com\/en-us\/guide\/safari\/sfri11471\/17.0\/mac\/14.0\" target=\"_blank\" rel=\"noopener\">Apple Safari<\/a><\/p>\n\t\t\t\t\t\t\t\t<\/div>\n\t\t\t\t<\/div>\n\t\t\t\t<div class=\"elementor-element elementor-element-0dfe2ed elementor-widget elementor-widget-text-editor\" data-id=\"0dfe2ed\" data-element_type=\"widget\" data-e-type=\"widget\" data-widget_type=\"text-editor.default\">\n\t\t\t\t<div class=\"elementor-widget-container\">\n\t\t\t\t\t\t\t\t\t<p>Statistische Cookies.<\/p>\n\t\t\t\t\t\t\t\t<\/div>\n\t\t\t\t<\/div>\n\t\t\t\t<div class=\"elementor-element elementor-element-b8883d3 elementor-widget elementor-widget-text-editor\" data-id=\"b8883d3\" data-element_type=\"widget\" data-e-type=\"widget\" data-widget_type=\"text-editor.default\">\n\t\t\t\t<div class=\"elementor-widget-container\">\n\t\t\t\t\t\t\t\t\t<p>Diese Cookies werden von Dritten, auch in aufgeschl\u00fcsselter Form, f\u00fcr die Verwaltung von Statistiken verwendet.<\/p>\n\t\t\t\t\t\t\t\t<\/div>\n\t\t\t\t<\/div>\n\t\t\t\t<div class=\"elementor-element elementor-element-c9060fd elementor-widget elementor-widget-text-editor\" data-id=\"c9060fd\" data-element_type=\"widget\" data-e-type=\"widget\" data-widget_type=\"text-editor.default\">\n\t\t\t\t<div class=\"elementor-widget-container\">\n\t\t\t\t\t\t\t\t\t<p>Google Analytics.<\/p>\n\t\t\t\t\t\t\t\t<\/div>\n\t\t\t\t<\/div>\n\t\t\t\t<div class=\"elementor-element elementor-element-73379f1 elementor-widget elementor-widget-text-editor\" data-id=\"73379f1\" data-element_type=\"widget\" data-e-type=\"widget\" data-widget_type=\"text-editor.default\">\n\t\t\t\t<div class=\"elementor-widget-container\">\n\t\t\t\t\t\t\t\t\t<p>Nachstehend finden Sie den Namen der Dritten, die sie verwalten, und den Link zu der Seite, auf der Sie Informationen \u00fcber die Verarbeitung erhalten und Ihre Zustimmung erteilen k\u00f6nnen.<\/p>\n<p><a href=\"https:\/\/www.google.com\/policies\/privacy\/\" target=\"_blank\" rel=\"noopener\">Datenschutz<\/a><\/p>\n<p><a href=\"https:\/\/developers.google.com\/analytics\/devguides\/collection\/analyticsjs\/cookie-usage\/\" target=\"_blank\" rel=\"noopener\">Cookies<\/a><\/p>\n<p><a href=\"https:\/\/tools.google.com\/dlpage\/gaoptout\" target=\"_blank\" rel=\"noopener\">Deaktivierung<\/a><\/p>\n\t\t\t\t\t\t\t\t<\/div>\n\t\t\t\t<\/div>\n\t\t\t\t<div class=\"elementor-element elementor-element-bc1187f elementor-widget elementor-widget-text-editor\" data-id=\"bc1187f\" data-element_type=\"widget\" data-e-type=\"widget\" data-widget_type=\"text-editor.default\">\n\t\t\t\t<div class=\"elementor-widget-container\">\n\t\t\t\t\t\t\t\t\t<p>Plugins f\u00fcr soziale Medien.<\/p>\n\t\t\t\t\t\t\t\t<\/div>\n\t\t\t\t<\/div>\n\t\t\t\t<div class=\"elementor-element elementor-element-8d549a4 elementor-widget elementor-widget-text-editor\" data-id=\"8d549a4\" data-element_type=\"widget\" data-e-type=\"widget\" data-widget_type=\"text-editor.default\">\n\t\t\t\t<div class=\"elementor-widget-container\">\n\t\t\t\t\t\t\t\t\t<p>Die Website enth\u00e4lt auch Plugins und\/oder Buttons f\u00fcr soziale Netzwerke, um das einfache Teilen von Inhalten in sozialen Medien zu erm\u00f6glichen. Um Ihre Privatsph\u00e4re zu sch\u00fctzen sind diese Plugins so programmiert, dass sie keine Cookies setzen, wenn Sie die Seite aufrufen. Cookies werden nur dann gesetzt, soweit dies von den sozialen Medien vorgesehen ist, wenn der Nutzer das Plugin tats\u00e4chlich und freiwillig verwendet. Bitte beachten Sie, dass Sie immer, wenn Sie im Internet navigieren, w\u00e4hrend Sie schon auf einem sozialen Medium angemeldet sind, der Verwendung von Cookies, die \u00fcber diese Seite \u00fcbermittelt werden, bereits bei der Anmeldung bei dem sozialen Netzwerk zugestimmen.   <\/p>\n\t\t\t\t\t\t\t\t<\/div>\n\t\t\t\t<\/div>\n\t\t\t\t<div class=\"elementor-element elementor-element-66d5d0a elementor-widget elementor-widget-text-editor\" data-id=\"66d5d0a\" data-element_type=\"widget\" data-e-type=\"widget\" data-widget_type=\"text-editor.default\">\n\t\t\t\t<div class=\"elementor-widget-container\">\n\t\t\t\t\t\t\t\t\t<p>Linkedin.<\/p>\n\t\t\t\t\t\t\t\t<\/div>\n\t\t\t\t<\/div>\n\t\t\t\t<div class=\"elementor-element elementor-element-b718444 elementor-widget elementor-widget-text-editor\" data-id=\"b718444\" data-element_type=\"widget\" data-e-type=\"widget\" data-widget_type=\"text-editor.default\">\n\t\t\t\t<div class=\"elementor-widget-container\">\n\t\t\t\t\t\t\t\t\t<p>Buttons und Widgets von Linkedin sind Dienste zur Interaktion mit dem sozialen Netzwerk Linkedin, die von der LinkedIn Corporation bereitgestellt werden.<\/p>\n<p><a href=\"https:\/\/www.linkedin.com\/legal\/cookie-policy\" target=\"_blank\" rel=\"noopener\">Cookies<\/a><\/p>\n\t\t\t\t\t\t\t\t<\/div>\n\t\t\t\t<\/div>\n\t\t\t\t<div class=\"elementor-element elementor-element-e05a835 elementor-widget elementor-widget-spacer\" data-id=\"e05a835\" data-element_type=\"widget\" data-e-type=\"widget\" data-widget_type=\"spacer.default\">\n\t\t\t\t<div class=\"elementor-widget-container\">\n\t\t\t\t\t\t\t<div class=\"elementor-spacer\">\n\t\t\t<div class=\"elementor-spacer-inner\"><\/div>\n\t\t<\/div>\n\t\t\t\t\t\t<\/div>\n\t\t\t\t<\/div>\n\t\t\t\t\t<\/div>\n\t\t\t\t<\/div>\n\t\t\t\t<\/div>\n\t\t","protected":false},"excerpt":{"rendered":"<p>Cookie Richtlinien Diese Website verwendet Cookies, um f\u00fcr den Betrieb der Website unbedingt erforderliche Aktivit\u00e4ten gew\u00e4hrleisten zu k\u00f6nnen, sowie Cookies, die das Surferlebnis des Benutzers optimieren, und Profilierungs-Cookies, einschliesslich Cookies von Dritten. Ein Cookie ist eine kleine Datenmenge, die von einem Webserver an Ihren Browser gesendet und anschliessend auf der Festplatte Ihres Computers gespeichert wird. [&hellip;]<\/p>\n","protected":false},"author":1,"featured_media":0,"parent":0,"menu_order":0,"comment_status":"closed","ping_status":"closed","template":"elementor_header_footer","meta":{"footnotes":""},"class_list":["post-1633","page","type-page","status-publish","hentry"],"_links":{"self":[{"href":"https:\/\/www.repoplast.ch\/de\/wp-json\/wp\/v2\/pages\/1633","targetHints":{"allow":["GET"]}}],"collection":[{"href":"https:\/\/www.repoplast.ch\/de\/wp-json\/wp\/v2\/pages"}],"about":[{"href":"https:\/\/www.repoplast.ch\/de\/wp-json\/wp\/v2\/types\/page"}],"author":[{"embeddable":true,"href":"https:\/\/www.repoplast.ch\/de\/wp-json\/wp\/v2\/users\/1"}],"replies":[{"embeddable":true,"href":"https:\/\/www.repoplast.ch\/de\/wp-json\/wp\/v2\/comments?post=1633"}],"version-history":[{"count":3,"href":"https:\/\/www.repoplast.ch\/de\/wp-json\/wp\/v2\/pages\/1633\/revisions"}],"predecessor-version":[{"id":1669,"href":"https:\/\/www.repoplast.ch\/de\/wp-json\/wp\/v2\/pages\/1633\/revisions\/1669"}],"wp:attachment":[{"href":"https:\/\/www.repoplast.ch\/de\/wp-json\/wp\/v2\/media?parent=1633"}],"curies":[{"name":"wp","href":"https:\/\/api.w.org\/{rel}","templated":true}]}}