{"id":1619,"date":"2024-05-16T14:58:46","date_gmt":"2024-05-16T12:58:46","guid":{"rendered":"https:\/\/test.repoplast.ch\/verkaufsbedingungen\/"},"modified":"2024-05-24T17:42:36","modified_gmt":"2024-05-24T15:42:36","slug":"verkaufsbedingungen","status":"publish","type":"page","link":"https:\/\/www.repoplast.ch\/de\/verkaufsbedingungen\/","title":{"rendered":"Allgemeine Gesch\u00e4ftsbedingungen"},"content":{"rendered":"\t\t<div data-elementor-type=\"wp-page\" data-elementor-id=\"1619\" class=\"elementor elementor-1619 elementor-1368\" data-elementor-post-type=\"page\">\n\t\t\t\t<div class=\"elementor-element elementor-element-fb4f8a4 e-flex e-con-boxed e-con e-parent\" data-id=\"fb4f8a4\" data-element_type=\"container\" data-e-type=\"container\">\n\t\t\t\t\t<div class=\"e-con-inner\">\n\t\t\t\t<div class=\"elementor-element elementor-element-0ffec14 elementor-widget elementor-widget-heading\" data-id=\"0ffec14\" data-element_type=\"widget\" data-e-type=\"widget\" data-widget_type=\"heading.default\">\n\t\t\t\t<div class=\"elementor-widget-container\">\n\t\t\t\t\t<h2 class=\"elementor-heading-title elementor-size-default\">ALLGEMEINE GESCH\u00c4FTSBEDINGUNGEN F\u00dcR DIE LIEFERUNG VON FORMTEILEN<\/h2>\t\t\t\t<\/div>\n\t\t\t\t<\/div>\n\t\t\t\t<div class=\"elementor-element elementor-element-84890d9 elementor-widget elementor-widget-text-editor\" data-id=\"84890d9\" data-element_type=\"widget\" data-e-type=\"widget\" data-widget_type=\"text-editor.default\">\n\t\t\t\t<div class=\"elementor-widget-container\">\n\t\t\t\t\t\t\t\t\t<p>1. ANWENDBARKEIT<\/p>\n\t\t\t\t\t\t\t\t<\/div>\n\t\t\t\t<\/div>\n\t\t\t\t<div class=\"elementor-element elementor-element-9340e66 elementor-widget elementor-widget-text-editor\" data-id=\"9340e66\" data-element_type=\"widget\" data-e-type=\"widget\" data-widget_type=\"text-editor.default\">\n\t\t\t\t<div class=\"elementor-widget-container\">\n\t\t\t\t\t\t\t\t\t<p>Die nachstehenden Bedingungen gelten f\u00fcr jede vom Lieferanten auszuf\u00fchrende Lieferung: Art und Umfang sind in der Auftragsbest\u00e4tigung enthalten. M\u00fcndliche Vereinbarungen oder Abweichungen von den allgemeinen Bedingungen sind nur rechtswirksam, insofern sie vom Lieferanten schriftlich best\u00e4tigt werden. Angebote ohne Frist zur Annahme (Bindefrist) sind unverbindlich. Abweichende Bedingungen des Bestellers haben nur G\u00fcltigkeit, wenn und soweit sie vom Lieferanten ausdr\u00fccklich schriftlich anerkannt worden sind. Prospekte und Werbekataloge sind, soweit nicht anders vereinbart, nicht verbindlich. Angaben in technischen Unterlagen sind nur insoweit verbindlich, als sie ausdr\u00fccklich zugesichert sind. Jede Vertragspartei beh\u00e4lt sich alle Rechte an Zeichnungen und technischen Unterlagen vor, die sie der anderen Partei \u00fcberl\u00e4sst. Die empfangende Partei erkennt diese Rechte an und verpflichtet sich, Zeichnungen und Unterlagen weder Dritten zug\u00e4nglich zu machen noch f\u00fcr andere Zwecke als die zu verwenden, f\u00fcr die sie ihr anvertraut worden sind. Angaben auf der Website und\/oder in den Gesch\u00e4ftsstellen der Repo SA erfolgen nach bestem Wissen, befreien den Kunden jedoch nicht davon, die Produkte auf ihre technische Eignung f\u00fcr den vorgesehenen Verwendungszweck hin zu \u00fcberpr\u00fcfen und\/oder zu validieren. Anwendungen, die ausserhalb unserer Kontrollm\u00f6glichkeiten liegen, fallen unter die Verantwortung des Endverbrauchers.  <\/p>\n\t\t\t\t\t\t\t\t<\/div>\n\t\t\t\t<\/div>\n\t\t\t\t<div class=\"elementor-element elementor-element-26dcee9 elementor-widget elementor-widget-text-editor\" data-id=\"26dcee9\" data-element_type=\"widget\" data-e-type=\"widget\" data-widget_type=\"text-editor.default\">\n\t\t\t\t<div class=\"elementor-widget-container\">\n\t\t\t\t\t\t\t\t\t<p>2. PREISE UND ZAHLUNGEN<\/p>\n\t\t\t\t\t\t\t\t<\/div>\n\t\t\t\t<\/div>\n\t\t\t\t<div class=\"elementor-element elementor-element-50cb9c8 elementor-widget elementor-widget-text-editor\" data-id=\"50cb9c8\" data-element_type=\"widget\" data-e-type=\"widget\" data-widget_type=\"text-editor.default\">\n\t\t\t\t<div class=\"elementor-widget-container\">\n\t\t\t\t\t\t\t\t\t<p>Die Preise verstehen sich ab Werk oder ab Lager des Lieferanten ausschliesslich ICA und Verpackung. Sofern nicht anderes vereinbart, verstehen sich unsere Preise in Schweizer Franken. Sollten sich zwischen dem Zeitpunkt des Angebots und dem vereinbarten Liefertermin die Bedingungen f\u00fcr die Preisbildung, insbesondere W\u00e4hrungsparit\u00e4ten oder staatliche\/administrative Steuern, Abgaben o.\u00e4. \u00e4ndern, behalten wir uns vor, Preise und Konditionen den ver\u00e4nderten Umst\u00e4nden anzupassen. Verpackungen werden zu ihrem Einkaufswert in Rechnung gestellt. Soweit nicht anders vereinbart, sind Rechnungen sp\u00e4testens 30 Tage nach Rechnungsdatum ohne Skonto und ohne sonstige Abz\u00fcge zahlbar. Die Zahlungen sind auf eines unserer Konten bei den auf den Rechnungen angegebenen Banken zu leisten. Die Zahlung gilt als erfolgt, wenn der geschuldete Betrag in Schweizer Franken auf einem dieser Konten gutgeschrieben wurde und wir dar\u00fcber frei verf\u00fcgen k\u00f6nnen. Die Verrechnung mit Gegenforderungen ist nicht zul\u00e4ssig. H\u00e4lt der Kunde die vereinbarten Zahlungsbedingungen nicht ein, ist er ohne Mahnung verpflichtet, ab dem 31. Tag nach Rechnungsdatum einen Verzugszins von 8 % p.a. zu bezahlen. <\/p>\n\t\t\t\t\t\t\t\t<\/div>\n\t\t\t\t<\/div>\n\t\t\t\t<div class=\"elementor-element elementor-element-80e8e47 elementor-widget elementor-widget-text-editor\" data-id=\"80e8e47\" data-element_type=\"widget\" data-e-type=\"widget\" data-widget_type=\"text-editor.default\">\n\t\t\t\t<div class=\"elementor-widget-container\">\n\t\t\t\t\t\t\t\t\t<p>3. PL\u00c4NE UND STUDIEN<\/p>\n\t\t\t\t\t\t\t\t<\/div>\n\t\t\t\t<\/div>\n\t\t\t\t<div class=\"elementor-element elementor-element-d9de42e elementor-widget elementor-widget-text-editor\" data-id=\"d9de42e\" data-element_type=\"widget\" data-e-type=\"widget\" data-widget_type=\"text-editor.default\">\n\t\t\t\t<div class=\"elementor-widget-container\">\n\t\t\t\t\t\t\t\t\t<p>Pl\u00e4ne und Studien, einschliesslich Muster und Prototypen, die der Lieferant auf Wunsch des Auftraggebers anfertigt, bleiben Eigentum des Lieferanten und d\u00fcrfen ohne ausdr\u00fcckliche schriftliche Zustimmung des Lieferanten nicht an Dritte weitergegeben werden. Der Lieferant beh\u00e4lt sich das Recht vor, solche Entw\u00fcrfe, Studien, Muster und Prototypen in Rechnung zu stellen, wenn nach deren Lieferung die Bestellung nicht eingegangen ist. Sofern nicht ausdr\u00fccklich anders vermerkt oder mit dem Kunden vereinbart, sind die Toleranzen f\u00fcr die Massangaben unserer Produkte gem\u00e4ss SN EN 22768-1 festgelegt.<\/p>\n\t\t\t\t\t\t\t\t<\/div>\n\t\t\t\t<\/div>\n\t\t\t\t<div class=\"elementor-element elementor-element-ea56973 elementor-widget elementor-widget-text-editor\" data-id=\"ea56973\" data-element_type=\"widget\" data-e-type=\"widget\" data-widget_type=\"text-editor.default\">\n\t\t\t\t<div class=\"elementor-widget-container\">\n\t\t\t\t\t\t\t\t\t<p>4. LIEFERFRISTEN<\/p>\n\t\t\t\t\t\t\t\t<\/div>\n\t\t\t\t<\/div>\n\t\t\t\t<div class=\"elementor-element elementor-element-47ff69c elementor-widget elementor-widget-text-editor\" data-id=\"47ff69c\" data-element_type=\"widget\" data-e-type=\"widget\" data-widget_type=\"text-editor.default\">\n\t\t\t\t<div class=\"elementor-widget-container\">\n\t\t\t\t\t\t\t\t\t<p>Die vereinbarte Lieferfrist beginnt mit dem Eingang der schriftlichen, technisch und kaufm\u00e4nnisch abgekl\u00e4rten Bestellung, vorausgesetzt, dass alle administrativen Formalit\u00e4ten erf\u00fcllt sind. Geht die Bestellung versp\u00e4tet ein, wird die Frist angepasst. Der Beginn der Frist ist in jedem Fall vom Eingang der Anzahlung abh\u00e4ngig. Bei versp\u00e4teten oder gestaffelten Bestellungen beh\u00e4lt sich der Lieferant das Recht vor, die gesamte bestellte und best\u00e4tigte Charge auf einmal herzustellen. Werden Sendungen nicht innerhalb der vereinbarten Fristen abgerufen, ist der Lieferant berechtigt, sie in Rechnung zu stellen und ihre Abholung innerhalb von 15 Tagen zu verlangen. Nach Ablauf dieser Frist verbleibt die Ware auf Kosten und Risiko des Bestellers im Lager des Lieferanten. Wird die bestellte Menge nicht rechtzeitig abgenommen und ist die Produktion nur teilweise abgeschlossen, so ist der Lieferant berechtigt, dem Besteller einen Mindermengenzuschlag, eine Entsch\u00e4digung f\u00fcr entgangenen Gewinn sowie den noch nicht berechneten Anteil f\u00fcr das Werkzeug in Rechnung zu stellen.       <\/p>\n\t\t\t\t\t\t\t\t<\/div>\n\t\t\t\t<\/div>\n\t\t\t\t<div class=\"elementor-element elementor-element-b8071a3 elementor-widget elementor-widget-text-editor\" data-id=\"b8071a3\" data-element_type=\"widget\" data-e-type=\"widget\" data-widget_type=\"text-editor.default\">\n\t\t\t\t<div class=\"elementor-widget-container\">\n\t\t\t\t\t\t\t\t\t<p>5. ZUSATZAUFTR\u00c4GE<\/p>\n\t\t\t\t\t\t\t\t<\/div>\n\t\t\t\t<\/div>\n\t\t\t\t<div class=\"elementor-element elementor-element-0ce7930 elementor-widget elementor-widget-text-editor\" data-id=\"0ce7930\" data-element_type=\"widget\" data-e-type=\"widget\" data-widget_type=\"text-editor.default\">\n\t\t\t\t<div class=\"elementor-widget-container\">\n\t\t\t\t\t\t\t\t\t<p>Der Lieferant ist verpflichtet, Zusatzauftr\u00e4ge zu angemessenen Preisen anzunehmen.<\/p>\n\t\t\t\t\t\t\t\t<\/div>\n\t\t\t\t<\/div>\n\t\t\t\t<div class=\"elementor-element elementor-element-c6c6ba7 elementor-widget elementor-widget-text-editor\" data-id=\"c6c6ba7\" data-element_type=\"widget\" data-e-type=\"widget\" data-widget_type=\"text-editor.default\">\n\t\t\t\t<div class=\"elementor-widget-container\">\n\t\t\t\t\t\t\t\t\t<p>6. MEHR- UND MINDERLIEFERUNGEN<\/p>\n\t\t\t\t\t\t\t\t<\/div>\n\t\t\t\t<\/div>\n\t\t\t\t<div class=\"elementor-element elementor-element-c1e7c85 elementor-widget elementor-widget-text-editor\" data-id=\"c1e7c85\" data-element_type=\"widget\" data-e-type=\"widget\" data-widget_type=\"text-editor.default\">\n\t\t\t\t<div class=\"elementor-widget-container\">\n\t\t\t\t\t\t\t\t\t<p>Die gelieferte Menge kann mit einer Toleranz von plus oder minus 10 % von der bestellten Menge variieren.<\/p>\n\t\t\t\t\t\t\t\t<\/div>\n\t\t\t\t<\/div>\n\t\t\t\t<div class=\"elementor-element elementor-element-e47cc06 elementor-widget elementor-widget-text-editor\" data-id=\"e47cc06\" data-element_type=\"widget\" data-e-type=\"widget\" data-widget_type=\"text-editor.default\">\n\t\t\t\t<div class=\"elementor-widget-container\">\n\t\t\t\t\t\t\t\t\t<p>7. FORMEN UND WERKZEUGE<\/p>\n\t\t\t\t\t\t\t\t<\/div>\n\t\t\t\t<\/div>\n\t\t\t\t<div class=\"elementor-element elementor-element-d43272b elementor-widget elementor-widget-text-editor\" data-id=\"d43272b\" data-element_type=\"widget\" data-e-type=\"widget\" data-widget_type=\"text-editor.default\">\n\t\t\t\t<div class=\"elementor-widget-container\">\n\t\t\t\t\t\t\t\t\t<p>Formen und Werkzeuge jeglicher Art, die nicht vom Kunden geliefert werden, sind in jedem Fall Eigentum des Lieferanten. Diese Werkzeuge werden ausschliesslich f\u00fcr den Kunden verwendet. Die Verwendung solcher Werkzeuge f\u00fcr Dritte darf nur erfolgen, wenn dies entsprechend zwischen Besteller und Lieferanten vereinbart wurde. 50% der Kostenbeteiligung am Werkzeug werden bei Auftragsbest\u00e4tigung in Rechnung gestellt, der Rest zur Lieferung der Muster in auftragskonformer Qualit\u00e4t.<\/p>\n\t\t\t\t\t\t\t\t<\/div>\n\t\t\t\t<\/div>\n\t\t\t\t<div class=\"elementor-element elementor-element-5ed94fd elementor-widget elementor-widget-text-editor\" data-id=\"5ed94fd\" data-element_type=\"widget\" data-e-type=\"widget\" data-widget_type=\"text-editor.default\">\n\t\t\t\t<div class=\"elementor-widget-container\">\n\t\t\t\t\t\t\t\t\t<p>8. PFLEGE UND WARTUNG DER WERKZEUGE<\/p>\n\t\t\t\t\t\t\t\t<\/div>\n\t\t\t\t<\/div>\n\t\t\t\t<div class=\"elementor-element elementor-element-6de48b6 elementor-widget elementor-widget-text-editor\" data-id=\"6de48b6\" data-element_type=\"widget\" data-e-type=\"widget\" data-widget_type=\"text-editor.default\">\n\t\t\t\t<div class=\"elementor-widget-container\">\n\t\t\t\t\t\t\t\t\t<p>Der Lieferant bewahrt die Werkzeuge in fertigungsgerechtem Zustand f\u00fcr weitere Auftr\u00e4ge und bis zu 3 Jahre nach dem letzten Auftrag auf. Auf Verlangen sind sie weitere 2 Jahre aufzubewahren, danach ist der Lieferant nicht mehr zur Aufbewahrung der Werkzeuge verpflichtet. <\/p>\n\t\t\t\t\t\t\t\t<\/div>\n\t\t\t\t<\/div>\n\t\t\t\t<div class=\"elementor-element elementor-element-0d9c47c elementor-widget elementor-widget-text-editor\" data-id=\"0d9c47c\" data-element_type=\"widget\" data-e-type=\"widget\" data-widget_type=\"text-editor.default\">\n\t\t\t\t<div class=\"elementor-widget-container\">\n\t\t\t\t\t\t\t\t\t<p>9. LIEFERUNG VON ZUS\u00c4TZLICHEN BAUTEILEN<\/p>\n\t\t\t\t\t\t\t\t<\/div>\n\t\t\t\t<\/div>\n\t\t\t\t<div class=\"elementor-element elementor-element-337554e elementor-widget elementor-widget-text-editor\" data-id=\"337554e\" data-element_type=\"widget\" data-e-type=\"widget\" data-widget_type=\"text-editor.default\">\n\t\t\t\t<div class=\"elementor-widget-container\">\n\t\t\t\t\t\t\t\t\t<p>Vom Besteller gelieferte Teile, wie z.B. mechanische Kleinteile zum Einpressen in Teile, einzubauende Teile o.\u00e4., m\u00fcssen im ordnungsgem\u00e4ssen Zustand zum vereinbarten Termin mit einem Mengenaufschlag von 5 bis 10 % zum Ausgleich f\u00fcr eventuelle Produktionsabf\u00e4lle eintreffen. Sch\u00e4den, die durch Versp\u00e4tungen, Qualit\u00e4tsm\u00e4ngel o.\u00e4. entstehen, gehen zu Lasten des Bestellers. Konsequenzen versp\u00e4teter Lieferungen einzubauender Teile gehen nicht zu Lasten des Lieferanten.  <\/p>\n\t\t\t\t\t\t\t\t<\/div>\n\t\t\t\t<\/div>\n\t\t\t\t<div class=\"elementor-element elementor-element-c85db19 elementor-widget elementor-widget-text-editor\" data-id=\"c85db19\" data-element_type=\"widget\" data-e-type=\"widget\" data-widget_type=\"text-editor.default\">\n\t\t\t\t<div class=\"elementor-widget-container\">\n\t\t\t\t\t\t\t\t\t<p>10. RISIKOVERANTWORTUNG<\/p>\n\t\t\t\t\t\t\t\t<\/div>\n\t\t\t\t<\/div>\n\t\t\t\t<div class=\"elementor-element elementor-element-fd895f2 elementor-widget elementor-widget-text-editor\" data-id=\"fd895f2\" data-element_type=\"widget\" data-e-type=\"widget\" data-widget_type=\"text-editor.default\">\n\t\t\t\t<div class=\"elementor-widget-container\">\n\t\t\t\t\t\t\t\t\t<p>Nutzen und Risiken gehen sp\u00e4testens ab dem Zeitpunkt auf den Besteller \u00fcber, an dem die Lieferungen unser Werk verlassen. Wird der Versand auf Wunsch des Bestellers oder aus sonstigen Gr\u00fcnden, die der Lieferant nicht zu vertreten hat, verz\u00f6gert, so geht das Risiko vom urspr\u00fcnglich f\u00fcr den Versand ab unserem Werk vorgesehenen Zeitpunkt auf den Besteller \u00fcber. Ab diesem Zeitpunkt werden die Lieferungen auf Kosten und Risiko des Bestellers gelagert und versichert. Auf Wunsch und Kosten des Bestellers kann die Ware transport- und feuerversichert versandt werden.<\/p>\n\t\t\t\t\t\t\t\t<\/div>\n\t\t\t\t<\/div>\n\t\t\t\t<div class=\"elementor-element elementor-element-1f940cc elementor-widget elementor-widget-text-editor\" data-id=\"1f940cc\" data-element_type=\"widget\" data-e-type=\"widget\" data-widget_type=\"text-editor.default\">\n\t\t\t\t<div class=\"elementor-widget-container\">\n\t\t\t\t\t\t\t\t\t<p>11. REKLAMATIONEN UND GARANTIEN<\/p>\n\t\t\t\t\t\t\t\t<\/div>\n\t\t\t\t<\/div>\n\t\t\t\t<div class=\"elementor-element elementor-element-299d73f elementor-widget elementor-widget-text-editor\" data-id=\"299d73f\" data-element_type=\"widget\" data-e-type=\"widget\" data-widget_type=\"text-editor.default\">\n\t\t\t\t<div class=\"elementor-widget-container\">\n\t\t\t\t\t\t\t\t\t<p>Eventuelle Reklamationen m\u00fcssen innerhalb von 8 Tagen nach Erhalt der Ware in schriftlicher Form geltend gemacht werden, andernfalls gelten Lieferungen und Leistungen (mit Ausnahme versteckter M\u00e4ngel) als abgenommen. Erweist sich eine Reklamation als begr\u00fcndet, so hat der Lieferant die beanstandete Ware auf seine Kosten nachzubessern oder zu ersetzen. Wird die gelieferte Ware durch den Kunden weiter veredelt, so ist eine \u00dcbereinkunft \u00fcber die durch die Reklamation entstandenen Kosten zu finden. L\u00e4sst sich die Ware nicht ersetzen, erteilt der Lieferant eine vollst\u00e4ndige Gutschrift. Zus\u00e4tzliche Anspr\u00fcche jeglicher Art, sofern sie der Besteller verlangt, sind ausgeschlossen: sofern die gelieferte Ware den vom Besteller genehmigten Mustern entspricht, sind sp\u00e4tere Beanstandungen ausgeschlossen. Teile, die aufgrund von Mustern oder Entw\u00fcrfen des Kunden geliefert werden, sind von der Gew\u00e4hrleistung des Lieferanten ausgeschlossen. F\u00fcr die Funktionsf\u00e4higkeit von Teilen, die vom Kunden selbst f\u00fcr einen oder mehrere Zwecke entworfen wurden, \u00fcbernimmt der Lieferant keine Haftung. Warenausg\u00e4nge werden grunds\u00e4tzlich vom Lieferanten gepr\u00fcft; w\u00fcnscht der Besteller weitergehende Pr\u00fcfungen, so sind diese gesondert zu vereinbaren und gehen zu Lasten des Bestellers. Mit Ausnahme von Gew\u00e4hrleistungsanspr\u00fcchen und der Haftung f\u00fcr versteckte M\u00e4ngel stehen dem Besteller keine weiteren Rechte und Anspr\u00fcche wegen etwaiger M\u00e4ngel der Lieferungen zu.<\/p>\n\t\t\t\t\t\t\t\t<\/div>\n\t\t\t\t<\/div>\n\t\t\t\t<div class=\"elementor-element elementor-element-735e888 elementor-widget elementor-widget-text-editor\" data-id=\"735e888\" data-element_type=\"widget\" data-e-type=\"widget\" data-widget_type=\"text-editor.default\">\n\t\t\t\t<div class=\"elementor-widget-container\">\n\t\t\t\t\t\t\t\t\t<p>12. RECHTE DRITTER<\/p>\n\t\t\t\t\t\t\t\t<\/div>\n\t\t\t\t<\/div>\n\t\t\t\t<div class=\"elementor-element elementor-element-6c52e26 elementor-widget elementor-widget-text-editor\" data-id=\"6c52e26\" data-element_type=\"widget\" data-e-type=\"widget\" data-widget_type=\"text-editor.default\">\n\t\t\t\t<div class=\"elementor-widget-container\">\n\t\t\t\t\t\t\t\t\t<p>Der Besteller tr\u00e4gt die Gew\u00e4hr daf\u00fcr, dass dem Lieferanten \u00fcberlassene Skizzen, Zeichnungen, Modelle oder Prototypen nicht die Rechte Dritter verletzen. Der Besteller \u00fcbernimmt alle Sch\u00e4den, die durch eine diesbez\u00fcgliche Rechtsverletzung entstehen.<\/p>\n\t\t\t\t\t\t\t\t<\/div>\n\t\t\t\t<\/div>\n\t\t\t\t<div class=\"elementor-element elementor-element-9e20029 elementor-widget elementor-widget-text-editor\" data-id=\"9e20029\" data-element_type=\"widget\" data-e-type=\"widget\" data-widget_type=\"text-editor.default\">\n\t\t\t\t<div class=\"elementor-widget-container\">\n\t\t\t\t\t\t\t\t\t<p>13. GERICHTSSTAND<\/p>\n\t\t\t\t\t\t\t\t<\/div>\n\t\t\t\t<\/div>\n\t\t\t\t<div class=\"elementor-element elementor-element-4540836 elementor-widget elementor-widget-text-editor\" data-id=\"4540836\" data-element_type=\"widget\" data-e-type=\"widget\" data-widget_type=\"text-editor.default\">\n\t\t\t\t<div class=\"elementor-widget-container\">\n\t\t\t\t\t\t\t\t\t<p>Erf\u00fcllungsort und Gerichtsstand f\u00fcr alle Streitigkeiten zwischen Kunden und Lieferanten ist der gesetzliche Sitz des Lieferanten.<\/p>\n\t\t\t\t\t\t\t\t<\/div>\n\t\t\t\t<\/div>\n\t\t\t\t<div class=\"elementor-element elementor-element-e05a835 elementor-widget elementor-widget-spacer\" data-id=\"e05a835\" data-element_type=\"widget\" data-e-type=\"widget\" data-widget_type=\"spacer.default\">\n\t\t\t\t<div class=\"elementor-widget-container\">\n\t\t\t\t\t\t\t<div class=\"elementor-spacer\">\n\t\t\t<div class=\"elementor-spacer-inner\"><\/div>\n\t\t<\/div>\n\t\t\t\t\t\t<\/div>\n\t\t\t\t<\/div>\n\t\t\t\t<div class=\"elementor-element elementor-element-a6d9732 elementor-widget elementor-widget-text-editor\" data-id=\"a6d9732\" data-element_type=\"widget\" data-e-type=\"widget\" data-widget_type=\"text-editor.default\">\n\t\t\t\t<div class=\"elementor-widget-container\">\n\t\t\t\t\t\t\t\t\t<p>November 2014<\/p>\n<p>Repo AG<\/p>\n\t\t\t\t\t\t\t\t<\/div>\n\t\t\t\t<\/div>\n\t\t\t\t<div class=\"elementor-element elementor-element-76a3cbd elementor-align-start elementor-icon-list--layout-traditional elementor-list-item-link-full_width elementor-widget elementor-widget-icon-list\" data-id=\"76a3cbd\" data-element_type=\"widget\" data-e-type=\"widget\" data-widget_type=\"icon-list.default\">\n\t\t\t\t<div class=\"elementor-widget-container\">\n\t\t\t\t\t\t\t<ul class=\"elementor-icon-list-items\">\n\t\t\t\t\t\t\t<li class=\"elementor-icon-list-item\">\n\t\t\t\t\t\t\t\t\t\t\t<a href=\"https:\/\/www.repoplast.ch\/de\/salestermsreposa\/\" target=\"_blank\">\n\n\t\t\t\t\t\t\t\t\t\t\t\t<span class=\"elementor-icon-list-icon\">\n\t\t\t\t\t\t\t<svg aria-hidden=\"true\" class=\"e-font-icon-svg e-far-file-pdf\" viewBox=\"0 0 384 512\" xmlns=\"http:\/\/www.w3.org\/2000\/svg\"><path d=\"M369.9 97.9L286 14C277 5 264.8-.1 252.1-.1H48C21.5 0 0 21.5 0 48v416c0 26.5 21.5 48 48 48h288c26.5 0 48-21.5 48-48V131.9c0-12.7-5.1-25-14.1-34zM332.1 128H256V51.9l76.1 76.1zM48 464V48h160v104c0 13.3 10.7 24 24 24h104v288H48zm250.2-143.7c-12.2-12-47-8.7-64.4-6.5-17.2-10.5-28.7-25-36.8-46.3 3.9-16.1 10.1-40.6 5.4-56-4.2-26.2-37.8-23.6-42.6-5.9-4.4 16.1-.4 38.5 7 67.1-10 23.9-24.9 56-35.4 74.4-20 10.3-47 26.2-51 46.2-3.3 15.8 26 55.2 76.1-31.2 22.4-7.4 46.8-16.5 68.4-20.1 18.9 10.2 41 17 55.8 17 25.5 0 28-28.2 17.5-38.7zm-198.1 77.8c5.1-13.7 24.5-29.5 30.4-35-19 30.3-30.4 35.7-30.4 35zm81.6-190.6c7.4 0 6.7 32.1 1.8 40.8-4.4-13.9-4.3-40.8-1.8-40.8zm-24.4 136.6c9.7-16.9 18-37 24.7-54.7 8.3 15.1 18.9 27.2 30.1 35.5-20.8 4.3-38.9 13.1-54.8 19.2zm131.6-5s-5 6-37.3-7.8c35.1-2.6 40.9 5.4 37.3 7.8z\"><\/path><\/svg>\t\t\t\t\t\t<\/span>\n\t\t\t\t\t\t\t\t\t\t<span class=\"elementor-icon-list-text\">Download Allgemeine Gesch\u00e4ftsbedingungen<\/span>\n\t\t\t\t\t\t\t\t\t\t\t<\/a>\n\t\t\t\t\t\t\t\t\t<\/li>\n\t\t\t\t\t\t<\/ul>\n\t\t\t\t\t\t<\/div>\n\t\t\t\t<\/div>\n\t\t\t\t<div class=\"elementor-element elementor-element-11d062f elementor-widget elementor-widget-spacer\" data-id=\"11d062f\" data-element_type=\"widget\" data-e-type=\"widget\" data-widget_type=\"spacer.default\">\n\t\t\t\t<div class=\"elementor-widget-container\">\n\t\t\t\t\t\t\t<div class=\"elementor-spacer\">\n\t\t\t<div class=\"elementor-spacer-inner\"><\/div>\n\t\t<\/div>\n\t\t\t\t\t\t<\/div>\n\t\t\t\t<\/div>\n\t\t\t\t\t<\/div>\n\t\t\t\t<\/div>\n\t\t\t\t<\/div>\n\t\t","protected":false},"excerpt":{"rendered":"<p>ALLGEMEINE GESCH\u00c4FTSBEDINGUNGEN F\u00dcR DIE LIEFERUNG VON FORMTEILEN 1. ANWENDBARKEIT Die nachstehenden Bedingungen gelten f\u00fcr jede vom Lieferanten auszuf\u00fchrende Lieferung: Art und Umfang sind in der Auftragsbest\u00e4tigung enthalten. M\u00fcndliche Vereinbarungen oder Abweichungen von den allgemeinen Bedingungen sind nur rechtswirksam, insofern sie vom Lieferanten schriftlich best\u00e4tigt werden. Angebote ohne Frist zur Annahme (Bindefrist) sind unverbindlich. Abweichende Bedingungen [&hellip;]<\/p>\n","protected":false},"author":1,"featured_media":0,"parent":0,"menu_order":0,"comment_status":"closed","ping_status":"closed","template":"elementor_header_footer","meta":{"footnotes":""},"class_list":["post-1619","page","type-page","status-publish","hentry"],"_links":{"self":[{"href":"https:\/\/www.repoplast.ch\/de\/wp-json\/wp\/v2\/pages\/1619","targetHints":{"allow":["GET"]}}],"collection":[{"href":"https:\/\/www.repoplast.ch\/de\/wp-json\/wp\/v2\/pages"}],"about":[{"href":"https:\/\/www.repoplast.ch\/de\/wp-json\/wp\/v2\/types\/page"}],"author":[{"embeddable":true,"href":"https:\/\/www.repoplast.ch\/de\/wp-json\/wp\/v2\/users\/1"}],"replies":[{"embeddable":true,"href":"https:\/\/www.repoplast.ch\/de\/wp-json\/wp\/v2\/comments?post=1619"}],"version-history":[{"count":5,"href":"https:\/\/www.repoplast.ch\/de\/wp-json\/wp\/v2\/pages\/1619\/revisions"}],"predecessor-version":[{"id":1675,"href":"https:\/\/www.repoplast.ch\/de\/wp-json\/wp\/v2\/pages\/1619\/revisions\/1675"}],"wp:attachment":[{"href":"https:\/\/www.repoplast.ch\/de\/wp-json\/wp\/v2\/media?parent=1619"}],"curies":[{"name":"wp","href":"https:\/\/api.w.org\/{rel}","templated":true}]}}