{"id":1135,"date":"2024-03-28T09:03:58","date_gmt":"2024-03-28T08:03:58","guid":{"rendered":"https:\/\/test.repoplast.ch\/leistungen\/"},"modified":"2024-05-24T11:58:27","modified_gmt":"2024-05-24T09:58:27","slug":"leistungen","status":"publish","type":"page","link":"https:\/\/www.repoplast.ch\/de\/leistungen\/","title":{"rendered":"Leistungen"},"content":{"rendered":"\t\t<div data-elementor-type=\"wp-page\" data-elementor-id=\"1135\" class=\"elementor elementor-1135 elementor-41\" data-elementor-post-type=\"page\">\n\t\t\t\t<div class=\"elementor-element elementor-element-4d1b5074 e-con-full e-flex e-con e-parent\" data-id=\"4d1b5074\" data-element_type=\"container\" data-e-type=\"container\">\n\t\t\t\t<div class=\"elementor-element elementor-element-6a5741c3 elementor-widget__width-initial elementor-widget elementor-widget-heading\" data-id=\"6a5741c3\" data-element_type=\"widget\" data-e-type=\"widget\" data-widget_type=\"heading.default\">\n\t\t\t\t<div class=\"elementor-widget-container\">\n\t\t\t\t\t<h1 class=\"elementor-heading-title elementor-size-default\">Spritzguss<br>von A-Z<\/h1>\t\t\t\t<\/div>\n\t\t\t\t<\/div>\n\t\t\t\t<div class=\"elementor-element elementor-element-183a20b6 elementor-widget elementor-widget-text-editor\" data-id=\"183a20b6\" data-element_type=\"widget\" data-e-type=\"widget\" data-widget_type=\"text-editor.default\">\n\t\t\t\t<div class=\"elementor-widget-container\">\n\t\t\t\t\t\t\t\t\t<p>Repo bietet Ihnen das gesamte Spektrum m\u00f6glicher Dienstleistungen \u2013 von der Gestaltung, Entwicklung, Produktion, Montage bis zur Lieferung spritzgussgefertigter Kunststoffteile und -produkte.<\/p>\n\t\t\t\t\t\t\t\t<\/div>\n\t\t\t\t<\/div>\n\t\t\t\t<\/div>\n\t\t<div class=\"elementor-element elementor-element-390ead53 e-con-full e-flex e-con e-parent\" data-id=\"390ead53\" data-element_type=\"container\" data-e-type=\"container\" id=\"s1\">\n\t\t\t\t<div class=\"elementor-element elementor-element-f5a40c0 elementor-widget elementor-widget-menu-anchor\" data-id=\"f5a40c0\" data-element_type=\"widget\" data-e-type=\"widget\" data-widget_type=\"menu-anchor.default\">\n\t\t\t\t<div class=\"elementor-widget-container\">\n\t\t\t\t\t\t\t<div class=\"elementor-menu-anchor\" id=\"beratung\"><\/div>\n\t\t\t\t\t\t<\/div>\n\t\t\t\t<\/div>\n\t\t<div class=\"elementor-element elementor-element-441dd6b6 e-con-full e-flex e-con e-child\" data-id=\"441dd6b6\" data-element_type=\"container\" data-e-type=\"container\">\n\t\t\t\t<div class=\"elementor-element elementor-element-46a7d7c5 elementor-widget elementor-widget-heading\" data-id=\"46a7d7c5\" data-element_type=\"widget\" data-e-type=\"widget\" data-widget_type=\"heading.default\">\n\t\t\t\t<div class=\"elementor-widget-container\">\n\t\t\t\t\t<h2 class=\"elementor-heading-title elementor-size-default\">Beratung<\/h2>\t\t\t\t<\/div>\n\t\t\t\t<\/div>\n\t\t\t\t<div class=\"elementor-element elementor-element-2fd8554b elementor-widget elementor-widget-text-editor\" data-id=\"2fd8554b\" data-element_type=\"widget\" data-e-type=\"widget\" data-widget_type=\"text-editor.default\">\n\t\t\t\t<div class=\"elementor-widget-container\">\n\t\t\t\t\t\t\t\t\t<p>Unsere erfahrenen Spezialisten verstehen Ihre Anforderungen und wissen, worauf es ankommt. Sie unterst\u00fctzen Sie kompetent von A bis Z in allen Phasen eines Projekts. <\/p>\n\t\t\t\t\t\t\t\t<\/div>\n\t\t\t\t<\/div>\n\t\t\t\t<\/div>\n\t\t<div class=\"elementor-element elementor-element-12f043f6 e-con-full e-flex e-con e-child\" data-id=\"12f043f6\" data-element_type=\"container\" data-e-type=\"container\" data-settings=\"{&quot;background_background&quot;:&quot;classic&quot;}\">\n\t\t\t\t<\/div>\n\t\t\t\t<\/div>\n\t\t<div class=\"elementor-element elementor-element-6ef59812 e-con-full e-flex e-con e-parent\" data-id=\"6ef59812\" data-element_type=\"container\" data-e-type=\"container\" id=\"s2\">\n\t\t<div class=\"elementor-element elementor-element-1800be6c e-con-full e-flex e-con e-child\" data-id=\"1800be6c\" data-element_type=\"container\" data-e-type=\"container\" data-settings=\"{&quot;background_background&quot;:&quot;classic&quot;}\">\n\t\t\t\t<\/div>\n\t\t\t\t<div class=\"elementor-element elementor-element-7b7b07c elementor-widget elementor-widget-menu-anchor\" data-id=\"7b7b07c\" data-element_type=\"widget\" data-e-type=\"widget\" data-widget_type=\"menu-anchor.default\">\n\t\t\t\t<div class=\"elementor-widget-container\">\n\t\t\t\t\t\t\t<div class=\"elementor-menu-anchor\" id=\"engineering\"><\/div>\n\t\t\t\t\t\t<\/div>\n\t\t\t\t<\/div>\n\t\t<div class=\"elementor-element elementor-element-17a84451 e-con-full e-flex e-con e-child\" data-id=\"17a84451\" data-element_type=\"container\" data-e-type=\"container\">\n\t\t\t\t<div class=\"elementor-element elementor-element-cf5ddf8 elementor-widget elementor-widget-heading\" data-id=\"cf5ddf8\" data-element_type=\"widget\" data-e-type=\"widget\" data-widget_type=\"heading.default\">\n\t\t\t\t<div class=\"elementor-widget-container\">\n\t\t\t\t\t<h2 class=\"elementor-heading-title elementor-size-default\">Engineering<\/h2>\t\t\t\t<\/div>\n\t\t\t\t<\/div>\n\t\t\t\t<div class=\"elementor-element elementor-element-5ca024a elementor-widget elementor-widget-text-editor\" data-id=\"5ca024a\" data-element_type=\"widget\" data-e-type=\"widget\" data-widget_type=\"text-editor.default\">\n\t\t\t\t<div class=\"elementor-widget-container\">\n\t\t\t\t\t\t\t\t\t<p>Wir erstellen strukturierte Prozesskonzepte und CP- und CPK-Analysen, optimieren Details f\u00fcr die Serienproduktion, helfen Ihnen bei der Entscheidung f\u00fcr den anwendungsspezifisch optimalen Kunststoff, auch wenn Sie biobasierte und\/oder biologisch abbaubare Rohstoffe einsetzen wollen. Bei Bedarf fertigen wir Prototypen und erstellen F\u00fcll- und Verzugsanalysen (Moldflow).<\/p>\n\t\t\t\t\t\t\t\t<\/div>\n\t\t\t\t<\/div>\n\t\t\t\t<\/div>\n\t\t\t\t<\/div>\n\t\t<div class=\"elementor-element elementor-element-37680156 e-con-full e-flex e-con e-parent\" data-id=\"37680156\" data-element_type=\"container\" data-e-type=\"container\" id=\"s3\">\n\t\t\t\t<div class=\"elementor-element elementor-element-3658d71 elementor-widget elementor-widget-menu-anchor\" data-id=\"3658d71\" data-element_type=\"widget\" data-e-type=\"widget\" data-widget_type=\"menu-anchor.default\">\n\t\t\t\t<div class=\"elementor-widget-container\">\n\t\t\t\t\t\t\t<div class=\"elementor-menu-anchor\" id=\"formenbau\"><\/div>\n\t\t\t\t\t\t<\/div>\n\t\t\t\t<\/div>\n\t\t<div class=\"elementor-element elementor-element-7a717f42 e-con-full e-flex e-con e-child\" data-id=\"7a717f42\" data-element_type=\"container\" data-e-type=\"container\">\n\t\t\t\t<div class=\"elementor-element elementor-element-45fcb066 elementor-widget elementor-widget-heading\" data-id=\"45fcb066\" data-element_type=\"widget\" data-e-type=\"widget\" data-widget_type=\"heading.default\">\n\t\t\t\t<div class=\"elementor-widget-container\">\n\t\t\t\t\t<h2 class=\"elementor-heading-title elementor-size-default\">Formenbau<\/h2>\t\t\t\t<\/div>\n\t\t\t\t<\/div>\n\t\t\t\t<div class=\"elementor-element elementor-element-3e858057 elementor-widget elementor-widget-text-editor\" data-id=\"3e858057\" data-element_type=\"widget\" data-e-type=\"widget\" data-widget_type=\"text-editor.default\">\n\t\t\t\t<div class=\"elementor-widget-container\">\n\t\t\t\t\t\t\t\t\t<p>F\u00fcr den Bau Ihres Werkzeugs arbeiten wir mit langj\u00e4hrigen Partnern in der Schweiz, Italien und China zusammen. Prototypen und Testwerkzeuge bauen wir in unserer eigenen Werkstatt. So k\u00f6nnen wir Ihnen auf Ihr Projekt zugeschnittene, kosten- und leistungsoptimierte L\u00f6sungen anbieten.<\/p>\n\t\t\t\t\t\t\t\t<\/div>\n\t\t\t\t<\/div>\n\t\t\t\t<\/div>\n\t\t<div class=\"elementor-element elementor-element-141dcfa4 e-con-full e-flex e-con e-child\" data-id=\"141dcfa4\" data-element_type=\"container\" data-e-type=\"container\" data-settings=\"{&quot;background_background&quot;:&quot;classic&quot;}\">\n\t\t\t\t<\/div>\n\t\t\t\t<\/div>\n\t\t<div class=\"elementor-element elementor-element-6c8555d2 e-con-full e-flex e-con e-parent\" data-id=\"6c8555d2\" data-element_type=\"container\" data-e-type=\"container\" id=\"s4\">\n\t\t<div class=\"elementor-element elementor-element-76cc72ea e-con-full e-flex e-con e-child\" data-id=\"76cc72ea\" data-element_type=\"container\" data-e-type=\"container\" data-settings=\"{&quot;background_background&quot;:&quot;classic&quot;}\">\n\t\t\t\t<\/div>\n\t\t\t\t<div class=\"elementor-element elementor-element-288d4a5 elementor-widget elementor-widget-menu-anchor\" data-id=\"288d4a5\" data-element_type=\"widget\" data-e-type=\"widget\" data-widget_type=\"menu-anchor.default\">\n\t\t\t\t<div class=\"elementor-widget-container\">\n\t\t\t\t\t\t\t<div class=\"elementor-menu-anchor\" id=\"produktion\"><\/div>\n\t\t\t\t\t\t<\/div>\n\t\t\t\t<\/div>\n\t\t<div class=\"elementor-element elementor-element-126a94b5 e-con-full e-flex e-con e-child\" data-id=\"126a94b5\" data-element_type=\"container\" data-e-type=\"container\">\n\t\t\t\t<div class=\"elementor-element elementor-element-7ad70c89 elementor-widget elementor-widget-heading\" data-id=\"7ad70c89\" data-element_type=\"widget\" data-e-type=\"widget\" data-widget_type=\"heading.default\">\n\t\t\t\t<div class=\"elementor-widget-container\">\n\t\t\t\t\t<h2 class=\"elementor-heading-title elementor-size-default\">Produktion<\/h2>\t\t\t\t<\/div>\n\t\t\t\t<\/div>\n\t\t\t\t<div class=\"elementor-element elementor-element-6e4d1764 elementor-widget elementor-widget-text-editor\" data-id=\"6e4d1764\" data-element_type=\"widget\" data-e-type=\"widget\" data-widget_type=\"text-editor.default\">\n\t\t\t\t<div class=\"elementor-widget-container\">\n\t\t\t\t\t\t\t\t\t<p>Wir fertigen auf 15 Arburg Spritzgiessmaschinen mit 35 bis 220 Tonnen Schliesskraft. Werkzeugkorrekturen sowie -wartung erledigen die Spezialisten unserer Werkstatt. Wir verwenden ausschliesslich zertifizierte Materialien ausgew\u00e4hlter Lieferanten. Ein 3D Keyence VR3200 Messmakroskop erm\u00f6glicht hochpr\u00e4zise metrologische Pr\u00fcfungen zur Qualit\u00e4tskontrolle. Mechanische Nachbearbeitung, Montage kleiner Bauteile, Ultraschallschweissen und Tampondruck erg\u00e4nzen unser Leistungs-Portfolio.<\/p>\n\t\t\t\t\t\t\t\t<\/div>\n\t\t\t\t<\/div>\n\t\t\t\t<\/div>\n\t\t\t\t<\/div>\n\t\t<div class=\"elementor-element elementor-element-4e46257d e-con-full e-flex e-con e-parent\" data-id=\"4e46257d\" data-element_type=\"container\" data-e-type=\"container\" id=\"s5\">\n\t\t\t\t<div class=\"elementor-element elementor-element-703c156 elementor-widget elementor-widget-menu-anchor\" data-id=\"703c156\" data-element_type=\"widget\" data-e-type=\"widget\" data-widget_type=\"menu-anchor.default\">\n\t\t\t\t<div class=\"elementor-widget-container\">\n\t\t\t\t\t\t\t<div class=\"elementor-menu-anchor\" id=\"logistik\"><\/div>\n\t\t\t\t\t\t<\/div>\n\t\t\t\t<\/div>\n\t\t<div class=\"elementor-element elementor-element-32ddeaa7 e-con-full e-flex e-con e-child\" data-id=\"32ddeaa7\" data-element_type=\"container\" data-e-type=\"container\">\n\t\t\t\t<div class=\"elementor-element elementor-element-63c7c59c elementor-widget elementor-widget-heading\" data-id=\"63c7c59c\" data-element_type=\"widget\" data-e-type=\"widget\" data-widget_type=\"heading.default\">\n\t\t\t\t<div class=\"elementor-widget-container\">\n\t\t\t\t\t<h2 class=\"elementor-heading-title elementor-size-default\">Logistik<\/h2>\t\t\t\t<\/div>\n\t\t\t\t<\/div>\n\t\t\t\t<div class=\"elementor-element elementor-element-3c37e1c3 elementor-widget elementor-widget-text-editor\" data-id=\"3c37e1c3\" data-element_type=\"widget\" data-e-type=\"widget\" data-widget_type=\"text-editor.default\">\n\t\t\t\t<div class=\"elementor-widget-container\">\n\t\t\t\t\t\t\t\t\t<p>Abrufe aus unserem Lager (Kanban und Fifo) liefern wir innerhalb k\u00fcrzester Zeit aus. Die Ware transportieren wir an jeden gew\u00fcnschten Ort, auch kleine Lose, damit Sie Ihr Lager immer optimal best\u00fcckt halten k\u00f6nnen. Unser eigenes Fahrzeug erm\u00f6glicht schnelle Lieferungen in der N\u00e4he unseres Standorts. Alle notwendigen Dokumente f\u00fcr die Verzollung werden nat\u00fcrlich durch uns bereitgestellt.<\/p>\n\t\t\t\t\t\t\t\t<\/div>\n\t\t\t\t<\/div>\n\t\t\t\t<\/div>\n\t\t<div class=\"elementor-element elementor-element-2e7293d6 e-con-full e-flex e-con e-child\" data-id=\"2e7293d6\" data-element_type=\"container\" data-e-type=\"container\" data-settings=\"{&quot;background_background&quot;:&quot;classic&quot;}\">\n\t\t\t\t<\/div>\n\t\t\t\t<\/div>\n\t\t<div class=\"elementor-element elementor-element-2949a2f6 e-con-full e-flex e-con e-parent\" data-id=\"2949a2f6\" data-element_type=\"container\" data-e-type=\"container\" data-settings=\"{&quot;background_background&quot;:&quot;classic&quot;}\">\n\t\t<div class=\"elementor-element elementor-element-6bf0aeb1 e-con-full e-flex e-con e-child\" data-id=\"6bf0aeb1\" data-element_type=\"container\" data-e-type=\"container\">\n\t\t\t\t<div class=\"elementor-element elementor-element-2f733ba7 elementor-widget elementor-widget-heading\" data-id=\"2f733ba7\" data-element_type=\"widget\" data-e-type=\"widget\" data-widget_type=\"heading.default\">\n\t\t\t\t<div class=\"elementor-widget-container\">\n\t\t\t\t\t<h2 class=\"elementor-heading-title elementor-size-default\">Und was k\u00f6nnen<br>wir f\u00fcr Sie tun?<\/h2>\t\t\t\t<\/div>\n\t\t\t\t<\/div>\n\t\t\t\t<\/div>\n\t\t<div class=\"elementor-element elementor-element-32e8b62c e-con-full e-flex e-con e-child\" data-id=\"32e8b62c\" data-element_type=\"container\" data-e-type=\"container\">\n\t\t\t\t<div class=\"elementor-element elementor-element-66be0a1d elementor-widget__width-initial elementor-widget elementor-widget-heading\" data-id=\"66be0a1d\" data-element_type=\"widget\" data-e-type=\"widget\" data-widget_type=\"heading.default\">\n\t\t\t\t<div class=\"elementor-widget-container\">\n\t\t\t\t\t<h2 class=\"elementor-heading-title elementor-size-default\">Sie haben Fragen, brauchen Informationen oder haben ein konkretes Projekt?\n<br><br>Wir freuen uns auf sie! <\/h2>\t\t\t\t<\/div>\n\t\t\t\t<\/div>\n\t\t\t\t<div class=\"elementor-element elementor-element-4676da68 elementor-align-center elementor-widget elementor-widget-button\" data-id=\"4676da68\" data-element_type=\"widget\" data-e-type=\"widget\" data-widget_type=\"button.default\">\n\t\t\t\t<div class=\"elementor-widget-container\">\n\t\t\t\t\t\t\t\t\t<div class=\"elementor-button-wrapper\">\n\t\t\t\t\t<a class=\"elementor-button elementor-button-link elementor-size-sm\" href=\"https:\/\/www.repoplast.ch\/de\/kontakt\/\">\n\t\t\t\t\t\t<span class=\"elementor-button-content-wrapper\">\n\t\t\t\t\t\t\t\t\t<span class=\"elementor-button-text\">Kontaktaufnahme &gt;<\/span>\n\t\t\t\t\t<\/span>\n\t\t\t\t\t<\/a>\n\t\t\t\t<\/div>\n\t\t\t\t\t\t\t\t<\/div>\n\t\t\t\t<\/div>\n\t\t\t\t<\/div>\n\t\t\t\t<\/div>\n\t\t\t\t<\/div>\n\t\t","protected":false},"excerpt":{"rendered":"<p>Leistungen I Repo SA bietet alle Dienstleistungen rund um das Spritzgiessen von Kunststoff.<\/p>\n","protected":false},"author":1,"featured_media":0,"parent":0,"menu_order":0,"comment_status":"closed","ping_status":"closed","template":"elementor_header_footer","meta":{"footnotes":""},"class_list":["post-1135","page","type-page","status-publish","hentry"],"_links":{"self":[{"href":"https:\/\/www.repoplast.ch\/de\/wp-json\/wp\/v2\/pages\/1135","targetHints":{"allow":["GET"]}}],"collection":[{"href":"https:\/\/www.repoplast.ch\/de\/wp-json\/wp\/v2\/pages"}],"about":[{"href":"https:\/\/www.repoplast.ch\/de\/wp-json\/wp\/v2\/types\/page"}],"author":[{"embeddable":true,"href":"https:\/\/www.repoplast.ch\/de\/wp-json\/wp\/v2\/users\/1"}],"replies":[{"embeddable":true,"href":"https:\/\/www.repoplast.ch\/de\/wp-json\/wp\/v2\/comments?post=1135"}],"version-history":[{"count":18,"href":"https:\/\/www.repoplast.ch\/de\/wp-json\/wp\/v2\/pages\/1135\/revisions"}],"predecessor-version":[{"id":1615,"href":"https:\/\/www.repoplast.ch\/de\/wp-json\/wp\/v2\/pages\/1135\/revisions\/1615"}],"wp:attachment":[{"href":"https:\/\/www.repoplast.ch\/de\/wp-json\/wp\/v2\/media?parent=1135"}],"curies":[{"name":"wp","href":"https:\/\/api.w.org\/{rel}","templated":true}]}}